{"id":2368,"date":"2017-11-21T09:29:58","date_gmt":"2017-11-21T09:29:58","guid":{"rendered":"http:\/\/www.delanceyoilfieldsupplies.com\/por\/?page_id=2368"},"modified":"2023-04-26T09:51:14","modified_gmt":"2023-04-26T09:51:14","slug":"contact-us","status":"publish","type":"page","link":"https:\/\/www.delanceyoilfieldsupplies.com\/por\/contact-us\/","title":{"rendered":"Contact Us"},"content":{"rendered":"<div class=\"fusion-fullwidth fullwidth-box fusion-builder-row-1 nonhundred-percent-fullwidth non-hundred-percent-height-scrolling\" style=\"--awb-border-radius-top-left:0px;--awb-border-radius-top-right:0px;--awb-border-radius-bottom-right:0px;--awb-border-radius-bottom-left:0px;--awb-flex-wrap:wrap;\" ><div class=\"fusion-builder-row fusion-row\"><div class=\"fusion-layout-column fusion_builder_column fusion-builder-column-0 fusion_builder_column_1_1 1_1 fusion-one-full fusion-column-first fusion-column-last\" style=\"--awb-bg-size:cover;\"><div class=\"fusion-column-wrapper fusion-flex-column-wrapper-legacy\"><div class=\"fusion-text fusion-text-1\"><h3>Entre em Contato<\/h3>\n<\/div><div class=\"fusion-clearfix\"><\/div><\/div><\/div><div class=\"fusion-layout-column fusion_builder_column fusion-builder-column-1 fusion_builder_column_1_2 1_2 fusion-one-half fusion-column-first\" style=\"--awb-bg-size:cover;width:50%;width:calc(50% - ( ( 4% ) * 0.5 ) );margin-right: 4%;\"><div class=\"fusion-column-wrapper fusion-flex-column-wrapper-legacy\"><div class=\"fusion-text fusion-text-2\"><p>Obrigado por seu interesse na Delancey Oilfield Supplies. Se quiser saber mais sobre nossa empresa, produtos ou servi\u00e7os, entre em contato conosco atrav\u00e9s de um dos seguintes n\u00fameros ou endere\u00e7os, ou preenchendo o <a href=\"http:\/\/www.delanceyoilfieldsupplies.com\/por\/enquiries\/\">formul\u00e1rio de consulta<\/a>.<\/p>\n<\/div><div class=\"fusion-builder-row fusion-builder-row-inner fusion-row\"><div class=\"fusion-layout-column fusion_builder_column_inner fusion-builder-nested-column-0 fusion_builder_column_inner_1_2 1_2 fusion-one-half fusion-column-first\" style=\"--awb-bg-size:cover;width:50%;width:calc(50% - ( ( 4% ) * 0.5 ) );margin-right: 4%;\"><div class=\"fusion-column-wrapper fusion-flex-column-wrapper-legacy\"><div class=\"fusion-text fusion-text-3\"><h2>Escrit\u00f3rio Central<\/h2>\n<p>2 \u00ba andar<br \/>\nEdif\u00edcio Afon<br \/>\nWorthing Road<br \/>\nHorsham<br \/>\nWest Sussex<br \/>\nRH12 1TL<br \/>\nReino Unido<\/p>\n<p><strong><span style=\"color: #eda400;\">T<\/span><\/strong>: \u202d<a href=\"tel:+441483662274\">+44 (0) 1483 662274<\/a><\/p>\n<p><strong><span style=\"color: #eda400;\">F<\/span><\/strong>: \u202d+44 (0) 1483 921111<\/p>\n<p><strong><span style=\"color: #eda400;\">E<\/span><\/strong>: <a href=\"mailto:info@delanceyoilfield.com\">info@delanceyoilfield.com<\/a><\/p>\n<\/div><div class=\"fusion-clearfix\"><\/div><\/div><\/div><div class=\"fusion-layout-column fusion_builder_column_inner fusion-builder-nested-column-1 fusion_builder_column_inner_1_2 1_2 fusion-one-half fusion-column-last\" style=\"--awb-bg-size:cover;width:50%;width:calc(50% - ( ( 4% ) * 0.5 ) );\"><div class=\"fusion-column-wrapper fusion-flex-column-wrapper-legacy\"><div class=\"fusion-text fusion-text-4\"><h2>Escrit\u00f3rio nos EUA<\/h2>\n<p>Delancey Oilfield Supplies LLC<br \/>\n6464 Savoy Drive<br \/>\nSuite 777<br \/>\nHouston, TX 77036<br \/>\nUSA<\/p>\n<p><strong><span style=\"color: #eda400;\">E<\/span><\/strong>: <a href=\"mailto:info@delanceyoilfield.com\">info@delanceyoilfield.com<\/a><\/p>\n<\/div><div class=\"fusion-clearfix\"><\/div><\/div><\/div><\/div><div class=\"fusion-builder-row fusion-builder-row-inner fusion-row\"><div class=\"fusion-layout-column fusion_builder_column_inner fusion-builder-nested-column-2 fusion_builder_column_inner_1_2 1_2 fusion-one-half fusion-column-first\" style=\"--awb-bg-size:cover;width:50%;width:calc(50% - ( ( 4% ) * 0.5 ) );margin-right: 4%;\"><div class=\"fusion-column-wrapper fusion-flex-column-wrapper-legacy\"><div class=\"fusion-text fusion-text-5\"><h2>Escrit\u00f3rio Iraq<\/h2>\n<p>220\/1\/206<br \/>\nKhanzad Nowi,<br \/>\nErbil,<br \/>\nRepublic of Iraq<\/p>\n<p><strong><span style=\"color: #eda400;\">E<\/span><\/strong>: <a href=\"mailto:Iraqops@delanceyoilfield.com\">Iraqops@delanceyoilfield.com<\/a><\/p>\n<\/div><div class=\"fusion-clearfix\"><\/div><\/div><\/div><div class=\"fusion-layout-column fusion_builder_column_inner fusion-builder-nested-column-3 fusion_builder_column_inner_1_2 1_2 fusion-one-half fusion-column-last\" style=\"--awb-bg-size:cover;width:50%;width:calc(50% - ( ( 4% ) * 0.5 ) );\"><div class=\"fusion-column-wrapper fusion-flex-column-wrapper-legacy\"><div class=\"fusion-text fusion-text-6\"><h2>Escrit\u00f3rio Algeria<\/h2>\n<p>Zone Industrielle,<br \/>\nBP 65 Lot 02,<br \/>\nHassi Messaoud,<br \/>\nWest Ouargla,<br \/>\nAlgeria<\/p>\n<p><strong><span style=\"color: #eda400;\">E<\/span><\/strong>: <a href=\"mailto:Algeriaops@delanceyoilfield.com\">Algeriaops@delanceyoilfield.com<\/a><\/p>\n<\/div><div class=\"fusion-clearfix\"><\/div><\/div><\/div><\/div><div class=\"fusion-clearfix\"><\/div><\/div><\/div><div class=\"fusion-layout-column fusion_builder_column fusion-builder-column-2 fusion_builder_column_1_2 1_2 fusion-one-half fusion-column-last\" style=\"--awb-padding-top:0px;--awb-padding-right:40px;--awb-padding-bottom:40px;--awb-padding-left:40px;--awb-bg-size:cover;width:50%;width:calc(50% - ( ( 4% ) * 0.5 ) );\"><div class=\"fusion-column-wrapper fusion-flex-column-wrapper-legacy\"><div class=\"fusion-column-content-centered\"><div class=\"fusion-column-content\"><div class=\"fusion-image-element in-legacy-container\" style=\"--awb-caption-title-font-family:var(--h2_typography-font-family);--awb-caption-title-font-weight:var(--h2_typography-font-weight);--awb-caption-title-font-style:var(--h2_typography-font-style);--awb-caption-title-size:var(--h2_typography-font-size);--awb-caption-title-transform:var(--h2_typography-text-transform);--awb-caption-title-line-height:var(--h2_typography-line-height);--awb-caption-title-letter-spacing:var(--h2_typography-letter-spacing);\"><span class=\" fusion-imageframe imageframe-none imageframe-1 hover-type-none\"><img decoding=\"async\" width=\"628\" height=\"648\" alt=\"Contact Delancey Oilfield Supplies\" src=\"http:\/\/www.delanceyoilfieldsupplies.com\/por\/wp-content\/uploads\/2017\/11\/contact_us_1.jpg\" class=\"img-responsive wp-image-2552\" srcset=\"https:\/\/www.delanceyoilfieldsupplies.com\/por\/wp-content\/uploads\/2017\/11\/contact_us_1-200x206.jpg 200w, https:\/\/www.delanceyoilfieldsupplies.com\/por\/wp-content\/uploads\/2017\/11\/contact_us_1-400x413.jpg 400w, https:\/\/www.delanceyoilfieldsupplies.com\/por\/wp-content\/uploads\/2017\/11\/contact_us_1-600x619.jpg 600w, https:\/\/www.delanceyoilfieldsupplies.com\/por\/wp-content\/uploads\/2017\/11\/contact_us_1.jpg 628w\" sizes=\"(max-width: 800px) 100vw, 600px\" \/><\/span><\/div><\/div><\/div><div class=\"fusion-clearfix\"><\/div><\/div><\/div><\/div><\/div>\n","protected":false},"excerpt":{"rendered":"","protected":false},"author":3,"featured_media":0,"parent":0,"menu_order":0,"comment_status":"closed","ping_status":"closed","template":"","meta":{"footnotes":"","_links_to":"","_links_to_target":""},"yoast_head":"<!-- This site is optimized with the Yoast SEO plugin v22.6 - https:\/\/yoast.com\/wordpress\/plugins\/seo\/ -->\n<title>Contact Us - Delancey Oilfield Supplies. Supplying only original and genuine brand quality products, premium service.<\/title>\n<meta name=\"robots\" content=\"index, follow, max-snippet:-1, max-image-preview:large, max-video-preview:-1\" \/>\n<link rel=\"canonical\" href=\"https:\/\/www.delanceyoilfieldsupplies.com\/por\/contact-us\/\" \/>\n<meta property=\"og:locale\" content=\"en_US\" \/>\n<meta property=\"og:type\" content=\"article\" \/>\n<meta property=\"og:title\" content=\"Contact Us - Delancey Oilfield Supplies. Supplying only original and genuine brand quality products, premium service.\" \/>\n<meta property=\"og:url\" content=\"https:\/\/www.delanceyoilfieldsupplies.com\/por\/contact-us\/\" \/>\n<meta property=\"og:site_name\" content=\"Delancey Oilfield Supplies. Supplying only original and genuine brand quality products, premium service.\" \/>\n<meta property=\"article:modified_time\" content=\"2023-04-26T09:51:14+00:00\" \/>\n<meta name=\"twitter:label1\" content=\"Est. reading time\" \/>\n\t<meta name=\"twitter:data1\" content=\"5 minutes\" \/>\n<script type=\"application\/ld+json\" class=\"yoast-schema-graph\">{\"@context\":\"https:\/\/schema.org\",\"@graph\":[{\"@type\":\"WebPage\",\"@id\":\"https:\/\/www.delanceyoilfieldsupplies.com\/por\/contact-us\/\",\"url\":\"https:\/\/www.delanceyoilfieldsupplies.com\/por\/contact-us\/\",\"name\":\"Contact Us - Delancey Oilfield Supplies. Supplying only original and genuine brand quality products, premium service.\",\"isPartOf\":{\"@id\":\"https:\/\/www.delanceyoilfieldsupplies.com\/por\/#website\"},\"datePublished\":\"2017-11-21T09:29:58+00:00\",\"dateModified\":\"2023-04-26T09:51:14+00:00\",\"breadcrumb\":{\"@id\":\"https:\/\/www.delanceyoilfieldsupplies.com\/por\/contact-us\/#breadcrumb\"},\"inLanguage\":\"en-US\",\"potentialAction\":[{\"@type\":\"ReadAction\",\"target\":[\"https:\/\/www.delanceyoilfieldsupplies.com\/por\/contact-us\/\"]}]},{\"@type\":\"BreadcrumbList\",\"@id\":\"https:\/\/www.delanceyoilfieldsupplies.com\/por\/contact-us\/#breadcrumb\",\"itemListElement\":[{\"@type\":\"ListItem\",\"position\":1,\"name\":\"Home\",\"item\":\"https:\/\/www.delanceyoilfieldsupplies.com\/por\/\"},{\"@type\":\"ListItem\",\"position\":2,\"name\":\"Contact Us\"}]},{\"@type\":\"WebSite\",\"@id\":\"https:\/\/www.delanceyoilfieldsupplies.com\/por\/#website\",\"url\":\"https:\/\/www.delanceyoilfieldsupplies.com\/por\/\",\"name\":\"Delancey Oilfield Supplies. Supplying only original and genuine brand quality products, premium service.\",\"description\":\"Global provider of drilling tools, electrical equipment, valves, pumps and workwear\/PPE supplies to Oil, Gas, Petrochemical and Mining industries\",\"potentialAction\":[{\"@type\":\"SearchAction\",\"target\":{\"@type\":\"EntryPoint\",\"urlTemplate\":\"https:\/\/www.delanceyoilfieldsupplies.com\/por\/?s={search_term_string}\"},\"query-input\":\"required name=search_term_string\"}],\"inLanguage\":\"en-US\"}]}<\/script>\n<!-- \/ Yoast SEO plugin. -->","yoast_head_json":{"title":"Contact Us - Delancey Oilfield Supplies. Supplying only original and genuine brand quality products, premium service.","robots":{"index":"index","follow":"follow","max-snippet":"max-snippet:-1","max-image-preview":"max-image-preview:large","max-video-preview":"max-video-preview:-1"},"canonical":"https:\/\/www.delanceyoilfieldsupplies.com\/por\/contact-us\/","og_locale":"en_US","og_type":"article","og_title":"Contact Us - Delancey Oilfield Supplies. Supplying only original and genuine brand quality products, premium service.","og_url":"https:\/\/www.delanceyoilfieldsupplies.com\/por\/contact-us\/","og_site_name":"Delancey Oilfield Supplies. Supplying only original and genuine brand quality products, premium service.","article_modified_time":"2023-04-26T09:51:14+00:00","twitter_misc":{"Est. reading time":"5 minutes"},"schema":{"@context":"https:\/\/schema.org","@graph":[{"@type":"WebPage","@id":"https:\/\/www.delanceyoilfieldsupplies.com\/por\/contact-us\/","url":"https:\/\/www.delanceyoilfieldsupplies.com\/por\/contact-us\/","name":"Contact Us - Delancey Oilfield Supplies. Supplying only original and genuine brand quality products, premium service.","isPartOf":{"@id":"https:\/\/www.delanceyoilfieldsupplies.com\/por\/#website"},"datePublished":"2017-11-21T09:29:58+00:00","dateModified":"2023-04-26T09:51:14+00:00","breadcrumb":{"@id":"https:\/\/www.delanceyoilfieldsupplies.com\/por\/contact-us\/#breadcrumb"},"inLanguage":"en-US","potentialAction":[{"@type":"ReadAction","target":["https:\/\/www.delanceyoilfieldsupplies.com\/por\/contact-us\/"]}]},{"@type":"BreadcrumbList","@id":"https:\/\/www.delanceyoilfieldsupplies.com\/por\/contact-us\/#breadcrumb","itemListElement":[{"@type":"ListItem","position":1,"name":"Home","item":"https:\/\/www.delanceyoilfieldsupplies.com\/por\/"},{"@type":"ListItem","position":2,"name":"Contact Us"}]},{"@type":"WebSite","@id":"https:\/\/www.delanceyoilfieldsupplies.com\/por\/#website","url":"https:\/\/www.delanceyoilfieldsupplies.com\/por\/","name":"Delancey Oilfield Supplies. Supplying only original and genuine brand quality products, premium service.","description":"Global provider of drilling tools, electrical equipment, valves, pumps and workwear\/PPE supplies to Oil, Gas, Petrochemical and Mining industries","potentialAction":[{"@type":"SearchAction","target":{"@type":"EntryPoint","urlTemplate":"https:\/\/www.delanceyoilfieldsupplies.com\/por\/?s={search_term_string}"},"query-input":"required name=search_term_string"}],"inLanguage":"en-US"}]}},"_links":{"self":[{"href":"https:\/\/www.delanceyoilfieldsupplies.com\/por\/wp-json\/wp\/v2\/pages\/2368"}],"collection":[{"href":"https:\/\/www.delanceyoilfieldsupplies.com\/por\/wp-json\/wp\/v2\/pages"}],"about":[{"href":"https:\/\/www.delanceyoilfieldsupplies.com\/por\/wp-json\/wp\/v2\/types\/page"}],"author":[{"embeddable":true,"href":"https:\/\/www.delanceyoilfieldsupplies.com\/por\/wp-json\/wp\/v2\/users\/3"}],"replies":[{"embeddable":true,"href":"https:\/\/www.delanceyoilfieldsupplies.com\/por\/wp-json\/wp\/v2\/comments?post=2368"}],"version-history":[{"count":1,"href":"https:\/\/www.delanceyoilfieldsupplies.com\/por\/wp-json\/wp\/v2\/pages\/2368\/revisions"}],"predecessor-version":[{"id":2464,"href":"https:\/\/www.delanceyoilfieldsupplies.com\/por\/wp-json\/wp\/v2\/pages\/2368\/revisions\/2464"}],"wp:attachment":[{"href":"https:\/\/www.delanceyoilfieldsupplies.com\/por\/wp-json\/wp\/v2\/media?parent=2368"}],"curies":[{"name":"wp","href":"https:\/\/api.w.org\/{rel}","templated":true}]}}