{"id":2365,"date":"2017-11-21T09:28:52","date_gmt":"2017-11-21T09:28:52","guid":{"rendered":"http:\/\/www.delanceyoilfieldsupplies.com\/por\/?page_id=2365"},"modified":"2019-07-25T10:13:11","modified_gmt":"2019-07-25T10:13:11","slug":"global-logistics","status":"publish","type":"page","link":"https:\/\/www.delanceyoilfieldsupplies.com\/por\/global-logistics\/","title":{"rendered":"Global Logistics"},"content":{"rendered":"<div class=\"fusion-fullwidth fullwidth-box fusion-builder-row-1 nonhundred-percent-fullwidth non-hundred-percent-height-scrolling\" style=\"--awb-border-radius-top-left:0px;--awb-border-radius-top-right:0px;--awb-border-radius-bottom-right:0px;--awb-border-radius-bottom-left:0px;--awb-flex-wrap:wrap;\" ><div class=\"fusion-builder-row fusion-row\"><div class=\"fusion-layout-column fusion_builder_column fusion-builder-column-0 fusion_builder_column_1_1 1_1 fusion-one-full fusion-column-first fusion-column-last\" style=\"--awb-bg-size:cover;\"><div class=\"fusion-column-wrapper fusion-flex-column-wrapper-legacy\"><div class=\"fusion-text fusion-text-1\"><h3>Log\u00edstica Global<\/h3>\n<\/div><div class=\"fusion-clearfix\"><\/div><\/div><\/div><div class=\"fusion-layout-column fusion_builder_column fusion-builder-column-1 fusion_builder_column_1_2 1_2 fusion-one-half fusion-column-first\" style=\"--awb-bg-size:cover;width:50%;width:calc(50% - ( ( 4% ) * 0.5 ) );margin-right: 4%;\"><div class=\"fusion-column-wrapper fusion-flex-column-wrapper-legacy\"><div class=\"fusion-text fusion-text-2\"><p>Todas as ind\u00fastrias dependem de empresas de carga e agentes terceirizados para transportar cargas complicadas em todo o mundo. As Ind\u00fastrias de Petr\u00f3leo, G\u00e1s, Petroqu\u00edmica e Minera\u00e7\u00e3o geralmente envolvem remessas para partes remotas do globo, o que normalmente consiste no envio de equipamentos tanto leves quanto pesados, ao mesmo tempo em que devem ser continuamente cumpridos os rigorosos regulamentos e diretrizes de seguran\u00e7a.<\/p>\n<p>Seja qual for sua necessidade de transporte, de AVAC e refrigera\u00e7\u00e3o a v\u00e1lvulas, tubos, ferramentas de perfura\u00e7\u00e3o, passando por equipamentos de refinaria, pe\u00e7as de reposi\u00e7\u00e3o ou apenas uma pequena remessa, a Delancey Oilfield Supplies oferece solu\u00e7\u00f5es log\u00edsticas eficientes para todos os contratos efetuados.<\/p>\n<h2>Benef\u00edcios da log\u00edstica global com a Delancey Oilfield Supplies:<\/h2>\n<ul class=\"imglist2\">\n<li>Somos especializados em frete a\u00e9reo, frete mar\u00edtimo e carga de projeto.<\/li>\n<li>Agilizamos seu processo de aprovisionamento, cadeia de suprimento e log\u00edstica.<\/li>\n<li>Minimizamos custos ao mesmo tempo em que cumprimos os regulamentos internacionais.<\/li>\n<li>Conformidade com controles de importa\u00e7\u00e3o e exporta\u00e7\u00e3o.<\/li>\n<li>Hubs e escrit\u00f3rios globais e regionais que podem oferecer atualiza\u00e7\u00f5es precisas de rastreamento.<\/li>\n<li>Prepara\u00e7\u00e3o de documenta\u00e7\u00e3o.<\/li>\n<li>Inspe\u00e7\u00f5es pr\u00e9vias \u00e0 remessa.<\/li>\n<li>Solu\u00e7\u00f5es de transporte e log\u00edstica chave-na-m\u00e3o para seu projeto.<\/li>\n<li>Pessoal certificado especialmente treinado para gerenciar mercadorias perigosas.<\/li>\n<li>Rede global de agentes de carga.<\/li>\n<\/ul>\n<\/div><div class=\"fusion-clearfix\"><\/div><\/div><\/div><div class=\"fusion-layout-column fusion_builder_column fusion-builder-column-2 fusion_builder_column_1_2 1_2 fusion-one-half fusion-column-last\" style=\"--awb-bg-size:cover;width:50%;width:calc(50% - ( ( 4% ) * 0.5 ) );\"><div class=\"fusion-column-wrapper fusion-flex-column-wrapper-legacy\"><div class=\"fusion-image-element in-legacy-container\" style=\"--awb-caption-title-font-family:var(--h2_typography-font-family);--awb-caption-title-font-weight:var(--h2_typography-font-weight);--awb-caption-title-font-style:var(--h2_typography-font-style);--awb-caption-title-size:var(--h2_typography-font-size);--awb-caption-title-transform:var(--h2_typography-text-transform);--awb-caption-title-line-height:var(--h2_typography-line-height);--awb-caption-title-letter-spacing:var(--h2_typography-letter-spacing);\"><span class=\" fusion-imageframe imageframe-none imageframe-1 hover-type-none\"><img decoding=\"async\" width=\"879\" height=\"667\" alt=\"Global Logistics\" src=\"http:\/\/www.delanceyoilfieldsupplies.com\/por\/wp-content\/uploads\/2017\/11\/global_logistics.jpg\" class=\"img-responsive wp-image-2550\" srcset=\"https:\/\/www.delanceyoilfieldsupplies.com\/por\/wp-content\/uploads\/2017\/11\/global_logistics-200x152.jpg 200w, https:\/\/www.delanceyoilfieldsupplies.com\/por\/wp-content\/uploads\/2017\/11\/global_logistics-400x304.jpg 400w, https:\/\/www.delanceyoilfieldsupplies.com\/por\/wp-content\/uploads\/2017\/11\/global_logistics-600x455.jpg 600w, https:\/\/www.delanceyoilfieldsupplies.com\/por\/wp-content\/uploads\/2017\/11\/global_logistics-800x607.jpg 800w, https:\/\/www.delanceyoilfieldsupplies.com\/por\/wp-content\/uploads\/2017\/11\/global_logistics.jpg 879w\" sizes=\"(max-width: 800px) 100vw, 800px\" \/><\/span><\/div><div class=\"fusion-clearfix\"><\/div><\/div><\/div><div class=\"fusion-layout-column fusion_builder_column fusion-builder-column-3 fusion_builder_column_1_1 1_1 fusion-one-full fusion-column-first fusion-column-last\" style=\"--awb-bg-size:cover;\"><div class=\"fusion-column-wrapper fusion-flex-column-wrapper-legacy\"><div class=\"fusion-text fusion-text-3\"><h2>Rede de Log\u00edstica Global da Delancey Oilfield Supplies<\/h2>\n<p>Temos uma extensa e conceituada rede global de agentes de carga transitando por v\u00e1rios continentes, desde a Am\u00e9rica do Norte e Am\u00e9rica do Sul at\u00e9 Europa, \u00c1frica e \u00c1sia. Assumimos a tarefa de transporte com orgulho, e nosso conhecimento, experi\u00eancia e parcerias na ind\u00fastria nos d\u00e3o a capacidade de executar o trabalho atrav\u00e9s da coordena\u00e7\u00e3o com autoridades de transporte locais e fazendo chegar os equipamentos necess\u00e1rios ao destino final.<\/p>\n<p>Para tornar sua cadeia de suprimentos mais eficiente, entre em contato conosco atrav\u00e9s do e-mail <strong><a href=\"mailto:info@delanceyoilfield.com\">info@delanceyoilfield.com<\/a><\/strong> ou do link para <strong><a href=\"http:\/\/www.delanceyoilfieldsupplies.com\/por\/enquiries\/\">consulta<\/a><\/strong>.<\/p>\n<\/div><div class=\"fusion-clearfix\"><\/div><\/div><\/div><\/div><\/div>\n","protected":false},"excerpt":{"rendered":"","protected":false},"author":3,"featured_media":0,"parent":0,"menu_order":0,"comment_status":"closed","ping_status":"closed","template":"","meta":{"footnotes":"","_links_to":"","_links_to_target":""},"yoast_head":"<!-- This site is optimized with the Yoast SEO plugin v22.6 - https:\/\/yoast.com\/wordpress\/plugins\/seo\/ -->\n<title>Global Logistics - Delancey Oilfield Supplies. Supplying only original and genuine brand quality products, premium service.<\/title>\n<meta name=\"robots\" content=\"index, follow, max-snippet:-1, max-image-preview:large, max-video-preview:-1\" \/>\n<link rel=\"canonical\" href=\"https:\/\/www.delanceyoilfieldsupplies.com\/por\/global-logistics\/\" \/>\n<meta property=\"og:locale\" content=\"en_US\" \/>\n<meta property=\"og:type\" content=\"article\" \/>\n<meta property=\"og:title\" content=\"Global Logistics - Delancey Oilfield Supplies. Supplying only original and genuine brand quality products, premium service.\" \/>\n<meta property=\"og:url\" content=\"https:\/\/www.delanceyoilfieldsupplies.com\/por\/global-logistics\/\" \/>\n<meta property=\"og:site_name\" content=\"Delancey Oilfield Supplies. Supplying only original and genuine brand quality products, premium service.\" \/>\n<meta property=\"article:modified_time\" content=\"2019-07-25T10:13:11+00:00\" \/>\n<meta name=\"twitter:label1\" content=\"Est. reading time\" \/>\n\t<meta name=\"twitter:data1\" content=\"4 minutes\" \/>\n<script type=\"application\/ld+json\" class=\"yoast-schema-graph\">{\"@context\":\"https:\/\/schema.org\",\"@graph\":[{\"@type\":\"WebPage\",\"@id\":\"https:\/\/www.delanceyoilfieldsupplies.com\/por\/global-logistics\/\",\"url\":\"https:\/\/www.delanceyoilfieldsupplies.com\/por\/global-logistics\/\",\"name\":\"Global Logistics - Delancey Oilfield Supplies. Supplying only original and genuine brand quality products, premium service.\",\"isPartOf\":{\"@id\":\"https:\/\/www.delanceyoilfieldsupplies.com\/por\/#website\"},\"datePublished\":\"2017-11-21T09:28:52+00:00\",\"dateModified\":\"2019-07-25T10:13:11+00:00\",\"breadcrumb\":{\"@id\":\"https:\/\/www.delanceyoilfieldsupplies.com\/por\/global-logistics\/#breadcrumb\"},\"inLanguage\":\"en-US\",\"potentialAction\":[{\"@type\":\"ReadAction\",\"target\":[\"https:\/\/www.delanceyoilfieldsupplies.com\/por\/global-logistics\/\"]}]},{\"@type\":\"BreadcrumbList\",\"@id\":\"https:\/\/www.delanceyoilfieldsupplies.com\/por\/global-logistics\/#breadcrumb\",\"itemListElement\":[{\"@type\":\"ListItem\",\"position\":1,\"name\":\"Home\",\"item\":\"https:\/\/www.delanceyoilfieldsupplies.com\/por\/\"},{\"@type\":\"ListItem\",\"position\":2,\"name\":\"Global Logistics\"}]},{\"@type\":\"WebSite\",\"@id\":\"https:\/\/www.delanceyoilfieldsupplies.com\/por\/#website\",\"url\":\"https:\/\/www.delanceyoilfieldsupplies.com\/por\/\",\"name\":\"Delancey Oilfield Supplies. Supplying only original and genuine brand quality products, premium service.\",\"description\":\"Global provider of drilling tools, electrical equipment, valves, pumps and workwear\/PPE supplies to Oil, Gas, Petrochemical and Mining industries\",\"potentialAction\":[{\"@type\":\"SearchAction\",\"target\":{\"@type\":\"EntryPoint\",\"urlTemplate\":\"https:\/\/www.delanceyoilfieldsupplies.com\/por\/?s={search_term_string}\"},\"query-input\":\"required name=search_term_string\"}],\"inLanguage\":\"en-US\"}]}<\/script>\n<!-- \/ Yoast SEO plugin. -->","yoast_head_json":{"title":"Global Logistics - Delancey Oilfield Supplies. Supplying only original and genuine brand quality products, premium service.","robots":{"index":"index","follow":"follow","max-snippet":"max-snippet:-1","max-image-preview":"max-image-preview:large","max-video-preview":"max-video-preview:-1"},"canonical":"https:\/\/www.delanceyoilfieldsupplies.com\/por\/global-logistics\/","og_locale":"en_US","og_type":"article","og_title":"Global Logistics - Delancey Oilfield Supplies. Supplying only original and genuine brand quality products, premium service.","og_url":"https:\/\/www.delanceyoilfieldsupplies.com\/por\/global-logistics\/","og_site_name":"Delancey Oilfield Supplies. Supplying only original and genuine brand quality products, premium service.","article_modified_time":"2019-07-25T10:13:11+00:00","twitter_misc":{"Est. reading time":"4 minutes"},"schema":{"@context":"https:\/\/schema.org","@graph":[{"@type":"WebPage","@id":"https:\/\/www.delanceyoilfieldsupplies.com\/por\/global-logistics\/","url":"https:\/\/www.delanceyoilfieldsupplies.com\/por\/global-logistics\/","name":"Global Logistics - Delancey Oilfield Supplies. Supplying only original and genuine brand quality products, premium service.","isPartOf":{"@id":"https:\/\/www.delanceyoilfieldsupplies.com\/por\/#website"},"datePublished":"2017-11-21T09:28:52+00:00","dateModified":"2019-07-25T10:13:11+00:00","breadcrumb":{"@id":"https:\/\/www.delanceyoilfieldsupplies.com\/por\/global-logistics\/#breadcrumb"},"inLanguage":"en-US","potentialAction":[{"@type":"ReadAction","target":["https:\/\/www.delanceyoilfieldsupplies.com\/por\/global-logistics\/"]}]},{"@type":"BreadcrumbList","@id":"https:\/\/www.delanceyoilfieldsupplies.com\/por\/global-logistics\/#breadcrumb","itemListElement":[{"@type":"ListItem","position":1,"name":"Home","item":"https:\/\/www.delanceyoilfieldsupplies.com\/por\/"},{"@type":"ListItem","position":2,"name":"Global Logistics"}]},{"@type":"WebSite","@id":"https:\/\/www.delanceyoilfieldsupplies.com\/por\/#website","url":"https:\/\/www.delanceyoilfieldsupplies.com\/por\/","name":"Delancey Oilfield Supplies. Supplying only original and genuine brand quality products, premium service.","description":"Global provider of drilling tools, electrical equipment, valves, pumps and workwear\/PPE supplies to Oil, Gas, Petrochemical and Mining industries","potentialAction":[{"@type":"SearchAction","target":{"@type":"EntryPoint","urlTemplate":"https:\/\/www.delanceyoilfieldsupplies.com\/por\/?s={search_term_string}"},"query-input":"required name=search_term_string"}],"inLanguage":"en-US"}]}},"_links":{"self":[{"href":"https:\/\/www.delanceyoilfieldsupplies.com\/por\/wp-json\/wp\/v2\/pages\/2365"}],"collection":[{"href":"https:\/\/www.delanceyoilfieldsupplies.com\/por\/wp-json\/wp\/v2\/pages"}],"about":[{"href":"https:\/\/www.delanceyoilfieldsupplies.com\/por\/wp-json\/wp\/v2\/types\/page"}],"author":[{"embeddable":true,"href":"https:\/\/www.delanceyoilfieldsupplies.com\/por\/wp-json\/wp\/v2\/users\/3"}],"replies":[{"embeddable":true,"href":"https:\/\/www.delanceyoilfieldsupplies.com\/por\/wp-json\/wp\/v2\/comments?post=2365"}],"version-history":[{"count":1,"href":"https:\/\/www.delanceyoilfieldsupplies.com\/por\/wp-json\/wp\/v2\/pages\/2365\/revisions"}],"predecessor-version":[{"id":2467,"href":"https:\/\/www.delanceyoilfieldsupplies.com\/por\/wp-json\/wp\/v2\/pages\/2365\/revisions\/2467"}],"wp:attachment":[{"href":"https:\/\/www.delanceyoilfieldsupplies.com\/por\/wp-json\/wp\/v2\/media?parent=2365"}],"curies":[{"name":"wp","href":"https:\/\/api.w.org\/{rel}","templated":true}]}}