{"id":2362,"date":"2017-11-21T09:27:22","date_gmt":"2017-11-21T09:27:22","guid":{"rendered":"http:\/\/www.delanceyoilfieldsupplies.com\/por\/?page_id=2362"},"modified":"2019-07-25T10:10:12","modified_gmt":"2019-07-25T10:10:12","slug":"chairman-message","status":"publish","type":"page","link":"https:\/\/www.delanceyoilfieldsupplies.com\/por\/chairman-message\/","title":{"rendered":"Chairman Message"},"content":{"rendered":"<p><div class=\"fusion-fullwidth fullwidth-box fusion-builder-row-1 nonhundred-percent-fullwidth non-hundred-percent-height-scrolling\" style=\"--awb-border-radius-top-left:0px;--awb-border-radius-top-right:0px;--awb-border-radius-bottom-right:0px;--awb-border-radius-bottom-left:0px;--awb-flex-wrap:wrap;\" ><div class=\"fusion-builder-row fusion-row\"><div class=\"fusion-layout-column fusion_builder_column fusion-builder-column-0 fusion_builder_column_1_1 1_1 fusion-one-full fusion-column-first fusion-column-last\" style=\"--awb-bg-size:cover;\"><div class=\"fusion-column-wrapper fusion-flex-column-wrapper-legacy\"><div class=\"fusion-text fusion-text-1\"><h3>Mensagem Do Presidente<\/h3>\n<\/div><div class=\"fusion-clearfix\"><\/div><\/div><\/div><\/div><\/div><div class=\"fusion-fullwidth fullwidth-box fusion-builder-row-2 nonhundred-percent-fullwidth non-hundred-percent-height-scrolling\" style=\"--awb-border-radius-top-left:0px;--awb-border-radius-top-right:0px;--awb-border-radius-bottom-right:0px;--awb-border-radius-bottom-left:0px;--awb-flex-wrap:wrap;\" ><div class=\"fusion-builder-row fusion-row\"><div class=\"fusion-layout-column fusion_builder_column fusion-builder-column-1 fusion_builder_column_1_3 1_3 fusion-one-third fusion-column-first\" style=\"--awb-bg-size:cover;--awb-margin-bottom:15px;width:33.333333333333%;width:calc(33.333333333333% - ( ( 4% ) * 0.33333333333333 ) );margin-right: 4%;\"><div class=\"fusion-column-wrapper fusion-flex-column-wrapper-legacy\"><div class=\"fusion-image-element in-legacy-container\" style=\"--awb-caption-title-font-family:var(--h2_typography-font-family);--awb-caption-title-font-weight:var(--h2_typography-font-weight);--awb-caption-title-font-style:var(--h2_typography-font-style);--awb-caption-title-size:var(--h2_typography-font-size);--awb-caption-title-transform:var(--h2_typography-text-transform);--awb-caption-title-line-height:var(--h2_typography-line-height);--awb-caption-title-letter-spacing:var(--h2_typography-letter-spacing);\"><span class=\" fusion-imageframe imageframe-none imageframe-1 hover-type-none\"><img decoding=\"async\" width=\"750\" height=\"750\" alt=\"Delancey Oilfield Supplies\" src=\"http:\/\/www.delanceyoilfieldsupplies.com\/por\/wp-content\/uploads\/2017\/11\/delancey_img.jpg\" class=\"img-responsive wp-image-2462\" srcset=\"https:\/\/www.delanceyoilfieldsupplies.com\/por\/wp-content\/uploads\/2017\/11\/delancey_img-200x200.jpg 200w, https:\/\/www.delanceyoilfieldsupplies.com\/por\/wp-content\/uploads\/2017\/11\/delancey_img-400x400.jpg 400w, https:\/\/www.delanceyoilfieldsupplies.com\/por\/wp-content\/uploads\/2017\/11\/delancey_img-600x600.jpg 600w, https:\/\/www.delanceyoilfieldsupplies.com\/por\/wp-content\/uploads\/2017\/11\/delancey_img.jpg 750w\" sizes=\"(max-width: 800px) 100vw, 600px\" \/><\/span><\/div><div class=\"fusion-clearfix\"><\/div><\/div><\/div><div class=\"fusion-layout-column fusion_builder_column fusion-builder-column-2 fusion_builder_column_2_3 2_3 fusion-two-third fusion-column-last\" style=\"--awb-bg-size:cover;--awb-margin-bottom:15px;width:66.666666666667%;width:calc(66.666666666667% - ( ( 4% ) * 0.66666666666667 ) );\"><div class=\"fusion-column-wrapper fusion-flex-column-wrapper-legacy\"><div class=\"fusion-text fusion-text-2\"><p>A import\u00e2ncia da Ind\u00fastria de Petr\u00f3leo e G\u00e1s no \u00faltimo s\u00e9culo tem desempenhado um papel fundamental na inova\u00e7\u00e3o e desenvolvimento gerais em rela\u00e7\u00e3o \u00e0 necessidade emergente das mais recentes tecnologias de ponta. Com uma equipe de engenheiros e profissionais de neg\u00f3cios experientes e qualificados, a Delancey Oilfield Supplies est\u00e1 totalmente preparada para atender \u00e0s demandas do mercado global.<\/p>\n<p>A empresa se destaca por renomada distin\u00e7\u00e3o no campo das ind\u00fastrias de Petr\u00f3leo, G\u00e1s, Minera\u00e7\u00e3o e Petroqu\u00edmica atrav\u00e9s da oferta de inigual\u00e1veis servi\u00e7os de aprovisionamento, log\u00edstica e com\u00e9rcio geral.<\/p>\n<p>O prop\u00f3sito fundamental da Delancey Oilfield Supplies \u00e9 ajudar nossos clientes fornecendo produtos aprovados e com certifica\u00e7\u00e3o e oferecer solu\u00e7\u00f5es t\u00e9cnicas com \u00f3tima rela\u00e7\u00e3o custo-benef\u00edcio para satisfazer suas necessidades. Essa \u00e9 a ess\u00eancia do nosso duradouro relacionamento com nossos clientes.<\/p>\n<p>Ao longo dos anos, nossa cren\u00e7a profissional na \u00e9tica e na qualidade evoluiu para um conjunto de padr\u00f5es e pr\u00e1ticas corporativas que utilizamos como nossa refer\u00eancia em excel\u00eancia. Essa atitude de oferecer o mais alto n\u00edvel de qualidade em todas as nossas a\u00e7\u00f5es tem valido a pena em cada etapa de nossa trajet\u00f3ria. Afinal, nossa filosofia \u00e9 simples: seguir o caminho mais eficiente em tudo o que fazemos; construir sempre um excelente relacionamento com nossos parceiros &amp; clientes; e garantir, finalmente, a total satisfa\u00e7\u00e3o do cliente.<\/p>\n<\/div><div class=\"fusion-clearfix\"><\/div><\/div><\/div><div class=\"fusion-layout-column fusion_builder_column fusion-builder-column-3 fusion_builder_column_1_1 1_1 fusion-one-full fusion-column-first fusion-column-last\" style=\"--awb-bg-size:cover;--awb-margin-bottom:0px;\"><div class=\"fusion-column-wrapper fusion-flex-column-wrapper-legacy\"><div class=\"fusion-text fusion-text-3\"><p>Por fim, eu gostaria que todos os nossos clientes e fornecedores tivessem a certeza de que a Delancey Oilfield Supplies Limited oferecer\u00e1 um desempenho de excel\u00eancia a todos os clientes proporcionando \u00f3timos resultados apesar das persistentes incertezas macroecon\u00f4micas.<\/p>\n<p>Presidente<\/p>\n<\/div><div class=\"fusion-clearfix\"><\/div><\/div><\/div><\/div><\/div><\/p>\n","protected":false},"excerpt":{"rendered":"","protected":false},"author":3,"featured_media":0,"parent":0,"menu_order":0,"comment_status":"closed","ping_status":"closed","template":"","meta":{"footnotes":"","_links_to":"","_links_to_target":""},"yoast_head":"<!-- This site is optimized with the Yoast SEO plugin v22.6 - https:\/\/yoast.com\/wordpress\/plugins\/seo\/ -->\n<title>Chairman Message - Delancey Oilfield Supplies. Supplying only original and genuine brand quality products, premium service.<\/title>\n<meta name=\"robots\" content=\"index, follow, max-snippet:-1, max-image-preview:large, max-video-preview:-1\" \/>\n<link rel=\"canonical\" href=\"https:\/\/www.delanceyoilfieldsupplies.com\/por\/chairman-message\/\" \/>\n<meta property=\"og:locale\" content=\"en_US\" \/>\n<meta property=\"og:type\" content=\"article\" \/>\n<meta property=\"og:title\" content=\"Chairman Message - Delancey Oilfield Supplies. Supplying only original and genuine brand quality products, premium service.\" \/>\n<meta property=\"og:url\" content=\"https:\/\/www.delanceyoilfieldsupplies.com\/por\/chairman-message\/\" \/>\n<meta property=\"og:site_name\" content=\"Delancey Oilfield Supplies. Supplying only original and genuine brand quality products, premium service.\" \/>\n<meta property=\"article:modified_time\" content=\"2019-07-25T10:10:12+00:00\" \/>\n<meta name=\"twitter:label1\" content=\"Est. reading time\" \/>\n\t<meta name=\"twitter:data1\" content=\"4 minutes\" \/>\n<script type=\"application\/ld+json\" class=\"yoast-schema-graph\">{\"@context\":\"https:\/\/schema.org\",\"@graph\":[{\"@type\":\"WebPage\",\"@id\":\"https:\/\/www.delanceyoilfieldsupplies.com\/por\/chairman-message\/\",\"url\":\"https:\/\/www.delanceyoilfieldsupplies.com\/por\/chairman-message\/\",\"name\":\"Chairman Message - Delancey Oilfield Supplies. Supplying only original and genuine brand quality products, premium service.\",\"isPartOf\":{\"@id\":\"https:\/\/www.delanceyoilfieldsupplies.com\/por\/#website\"},\"datePublished\":\"2017-11-21T09:27:22+00:00\",\"dateModified\":\"2019-07-25T10:10:12+00:00\",\"breadcrumb\":{\"@id\":\"https:\/\/www.delanceyoilfieldsupplies.com\/por\/chairman-message\/#breadcrumb\"},\"inLanguage\":\"en-US\",\"potentialAction\":[{\"@type\":\"ReadAction\",\"target\":[\"https:\/\/www.delanceyoilfieldsupplies.com\/por\/chairman-message\/\"]}]},{\"@type\":\"BreadcrumbList\",\"@id\":\"https:\/\/www.delanceyoilfieldsupplies.com\/por\/chairman-message\/#breadcrumb\",\"itemListElement\":[{\"@type\":\"ListItem\",\"position\":1,\"name\":\"Home\",\"item\":\"https:\/\/www.delanceyoilfieldsupplies.com\/por\/\"},{\"@type\":\"ListItem\",\"position\":2,\"name\":\"Chairman Message\"}]},{\"@type\":\"WebSite\",\"@id\":\"https:\/\/www.delanceyoilfieldsupplies.com\/por\/#website\",\"url\":\"https:\/\/www.delanceyoilfieldsupplies.com\/por\/\",\"name\":\"Delancey Oilfield Supplies. Supplying only original and genuine brand quality products, premium service.\",\"description\":\"Global provider of drilling tools, electrical equipment, valves, pumps and workwear\/PPE supplies to Oil, Gas, Petrochemical and Mining industries\",\"potentialAction\":[{\"@type\":\"SearchAction\",\"target\":{\"@type\":\"EntryPoint\",\"urlTemplate\":\"https:\/\/www.delanceyoilfieldsupplies.com\/por\/?s={search_term_string}\"},\"query-input\":\"required name=search_term_string\"}],\"inLanguage\":\"en-US\"}]}<\/script>\n<!-- \/ Yoast SEO plugin. -->","yoast_head_json":{"title":"Chairman Message - Delancey Oilfield Supplies. Supplying only original and genuine brand quality products, premium service.","robots":{"index":"index","follow":"follow","max-snippet":"max-snippet:-1","max-image-preview":"max-image-preview:large","max-video-preview":"max-video-preview:-1"},"canonical":"https:\/\/www.delanceyoilfieldsupplies.com\/por\/chairman-message\/","og_locale":"en_US","og_type":"article","og_title":"Chairman Message - Delancey Oilfield Supplies. Supplying only original and genuine brand quality products, premium service.","og_url":"https:\/\/www.delanceyoilfieldsupplies.com\/por\/chairman-message\/","og_site_name":"Delancey Oilfield Supplies. Supplying only original and genuine brand quality products, premium service.","article_modified_time":"2019-07-25T10:10:12+00:00","twitter_misc":{"Est. reading time":"4 minutes"},"schema":{"@context":"https:\/\/schema.org","@graph":[{"@type":"WebPage","@id":"https:\/\/www.delanceyoilfieldsupplies.com\/por\/chairman-message\/","url":"https:\/\/www.delanceyoilfieldsupplies.com\/por\/chairman-message\/","name":"Chairman Message - Delancey Oilfield Supplies. Supplying only original and genuine brand quality products, premium service.","isPartOf":{"@id":"https:\/\/www.delanceyoilfieldsupplies.com\/por\/#website"},"datePublished":"2017-11-21T09:27:22+00:00","dateModified":"2019-07-25T10:10:12+00:00","breadcrumb":{"@id":"https:\/\/www.delanceyoilfieldsupplies.com\/por\/chairman-message\/#breadcrumb"},"inLanguage":"en-US","potentialAction":[{"@type":"ReadAction","target":["https:\/\/www.delanceyoilfieldsupplies.com\/por\/chairman-message\/"]}]},{"@type":"BreadcrumbList","@id":"https:\/\/www.delanceyoilfieldsupplies.com\/por\/chairman-message\/#breadcrumb","itemListElement":[{"@type":"ListItem","position":1,"name":"Home","item":"https:\/\/www.delanceyoilfieldsupplies.com\/por\/"},{"@type":"ListItem","position":2,"name":"Chairman Message"}]},{"@type":"WebSite","@id":"https:\/\/www.delanceyoilfieldsupplies.com\/por\/#website","url":"https:\/\/www.delanceyoilfieldsupplies.com\/por\/","name":"Delancey Oilfield Supplies. Supplying only original and genuine brand quality products, premium service.","description":"Global provider of drilling tools, electrical equipment, valves, pumps and workwear\/PPE supplies to Oil, Gas, Petrochemical and Mining industries","potentialAction":[{"@type":"SearchAction","target":{"@type":"EntryPoint","urlTemplate":"https:\/\/www.delanceyoilfieldsupplies.com\/por\/?s={search_term_string}"},"query-input":"required name=search_term_string"}],"inLanguage":"en-US"}]}},"_links":{"self":[{"href":"https:\/\/www.delanceyoilfieldsupplies.com\/por\/wp-json\/wp\/v2\/pages\/2362"}],"collection":[{"href":"https:\/\/www.delanceyoilfieldsupplies.com\/por\/wp-json\/wp\/v2\/pages"}],"about":[{"href":"https:\/\/www.delanceyoilfieldsupplies.com\/por\/wp-json\/wp\/v2\/types\/page"}],"author":[{"embeddable":true,"href":"https:\/\/www.delanceyoilfieldsupplies.com\/por\/wp-json\/wp\/v2\/users\/3"}],"replies":[{"embeddable":true,"href":"https:\/\/www.delanceyoilfieldsupplies.com\/por\/wp-json\/wp\/v2\/comments?post=2362"}],"version-history":[{"count":1,"href":"https:\/\/www.delanceyoilfieldsupplies.com\/por\/wp-json\/wp\/v2\/pages\/2362\/revisions"}],"predecessor-version":[{"id":2430,"href":"https:\/\/www.delanceyoilfieldsupplies.com\/por\/wp-json\/wp\/v2\/pages\/2362\/revisions\/2430"}],"wp:attachment":[{"href":"https:\/\/www.delanceyoilfieldsupplies.com\/por\/wp-json\/wp\/v2\/media?parent=2362"}],"curies":[{"name":"wp","href":"https:\/\/api.w.org\/{rel}","templated":true}]}}