{"id":2366,"date":"2017-11-21T09:29:19","date_gmt":"2017-11-21T09:29:19","guid":{"rendered":"http:\/\/www.delanceyoilfieldsupplies.com\/fr\/?page_id=2366"},"modified":"2018-12-07T11:05:32","modified_gmt":"2018-12-07T11:05:32","slug":"inventory-management-services-ims","status":"publish","type":"page","link":"https:\/\/www.delanceyoilfieldsupplies.com\/fr\/inventory-management-services-ims\/","title":{"rendered":"Inventory Management Services (IMS)"},"content":{"rendered":"<div class=\"fusion-fullwidth fullwidth-box fusion-builder-row-1 nonhundred-percent-fullwidth non-hundred-percent-height-scrolling\" style=\"--awb-border-radius-top-left:0px;--awb-border-radius-top-right:0px;--awb-border-radius-bottom-right:0px;--awb-border-radius-bottom-left:0px;--awb-flex-wrap:wrap;\" ><div class=\"fusion-builder-row fusion-row\"><div class=\"fusion-layout-column fusion_builder_column fusion-builder-column-0 fusion_builder_column_1_1 1_1 fusion-one-full fusion-column-first fusion-column-last\" style=\"--awb-bg-size:cover;--awb-margin-bottom:10px;\"><div class=\"fusion-column-wrapper fusion-flex-column-wrapper-legacy\"><div class=\"fusion-text fusion-text-1\"><h3>Services de Gestion de Stocks<\/h3>\n<\/div><div class=\"fusion-clearfix\"><\/div><\/div><\/div><div class=\"fusion-layout-column fusion_builder_column fusion-builder-column-1 fusion_builder_column_2_5 2_5 fusion-two-fifth fusion-column-first\" style=\"--awb-bg-size:cover;--awb-margin-bottom:15px;width:40%;width:calc(40% - ( ( 4% ) * 0.4 ) );margin-right: 4%;\"><div class=\"fusion-column-wrapper fusion-flex-column-wrapper-legacy\"><div class=\"fusion-image-element in-legacy-container\" style=\"--awb-caption-title-font-family:var(--h2_typography-font-family);--awb-caption-title-font-weight:var(--h2_typography-font-weight);--awb-caption-title-font-style:var(--h2_typography-font-style);--awb-caption-title-size:var(--h2_typography-font-size);--awb-caption-title-transform:var(--h2_typography-text-transform);--awb-caption-title-line-height:var(--h2_typography-line-height);--awb-caption-title-letter-spacing:var(--h2_typography-letter-spacing);\"><span class=\" fusion-imageframe imageframe-none imageframe-1 hover-type-none\"><img decoding=\"async\" width=\"750\" height=\"400\" alt=\"Delancey Oilfield Supplies\" src=\"http:\/\/www.delanceyoilfieldsupplies.com\/fr\/wp-content\/uploads\/2017\/11\/ims_img.jpg\" class=\"img-responsive wp-image-2463\" srcset=\"https:\/\/www.delanceyoilfieldsupplies.com\/fr\/wp-content\/uploads\/2017\/11\/ims_img-200x107.jpg 200w, https:\/\/www.delanceyoilfieldsupplies.com\/fr\/wp-content\/uploads\/2017\/11\/ims_img-400x213.jpg 400w, https:\/\/www.delanceyoilfieldsupplies.com\/fr\/wp-content\/uploads\/2017\/11\/ims_img-600x320.jpg 600w, https:\/\/www.delanceyoilfieldsupplies.com\/fr\/wp-content\/uploads\/2017\/11\/ims_img.jpg 750w\" sizes=\"(max-width: 800px) 100vw, 600px\" \/><\/span><\/div><div class=\"fusion-clearfix\"><\/div><\/div><\/div><div class=\"fusion-layout-column fusion_builder_column fusion-builder-column-2 fusion_builder_column_3_5 3_5 fusion-three-fifth fusion-column-last\" style=\"--awb-bg-size:cover;--awb-margin-bottom:15px;width:60%;width:calc(60% - ( ( 4% ) * 0.6 ) );\"><div class=\"fusion-column-wrapper fusion-flex-column-wrapper-legacy\"><div class=\"fusion-text fusion-text-2\"><p>Delancey Oilfield fournit des Services des Gestion de Stocks, y compris mais sans y \u00eatre limit\u00e9 :<\/p>\n<p><strong>APPROVISIONNEMENT:<\/strong> Re\u00e7oit et coordonne tous les documents connexes pour un projet sp\u00e9cifique \u00e0 l\u2019\u00e9chelle nationale ou internationale.<\/p>\n<p><strong>VALIDATION:<\/strong> V\u00e9rifie que toutes les lignes des articles, les quantit\u00e9s et les d\u00e9signations sont correctes entre tous les documents contractuels et le mat\u00e9riel r\u00e9el.<\/p>\n<p><strong>COORDINATION:<\/strong> Assure la Coordonne entre les parties concern\u00e9es (fournisseurs, exp\u00e9diteurs) pour toutes divergences avant la lib\u00e9ration du mat\u00e9riel, y compris mais sans y \u00eatre limit\u00e9 : les num\u00e9ros de pi\u00e8ces, les d\u00e9signations, les manques, les surplus ou les dommages.<\/p>\n<\/div><div class=\"fusion-clearfix\"><\/div><\/div><\/div><div class=\"fusion-layout-column fusion_builder_column fusion-builder-column-3 fusion_builder_column_1_1 1_1 fusion-one-full fusion-column-first fusion-column-last\" style=\"--awb-padding-top:5px;--awb-bg-size:cover;\"><div class=\"fusion-column-wrapper fusion-flex-column-wrapper-legacy\"><div class=\"fusion-text fusion-text-3\"><h2>R\u00e9alisation &amp; Rapports<\/h2>\n<ul class=\"imglist2\">\n<li>Delancey Oilfield g\u00e8re les livraisons partielles \u00e0 travers le processus de commande et assure le suivi de toutes les livraisons jusqu&#8217;\u00e0 ce que toutes les marchandises soient re\u00e7ues et que le bon de commande ait \u00e9t\u00e9 r\u00e9alis\u00e9 selon la commande originale et \/ ou modifi\u00e9e.<\/li>\n<li>Chaque fois qu&#8217;une cargaison dangereuse est en cause, Delancey Oilfield collabore avec le fournisseur et \/ ou avec un expert en mati\u00e8res dangereuses afin de s&#8217;assurer que la cargaison r\u00e9pond \u00e0 toutes les exigences de transport pour les marchandises dangereuses.<\/li>\n<li>Delancey Oilfield continue de faire le tra\u00e7age et le suivi aupr\u00e8s des fournisseurs pour garantir que les commandes sont re\u00e7ues dans les d\u00e9lais convenus et s&#8217;efforcera de faire un suivi continu pour voir si les d\u00e9lais de livraison peuvent \u00eatre am\u00e9lior\u00e9s avant l&#8217;\u00e9ch\u00e9ance pr\u00e9vue.<\/li>\n<li>Delancey Oilfield fournit r\u00e9guli\u00e8rement au fournisseur des rapports complets de l\u2019\u00e9tat des bons de sortie MOS (Material Order Status) pour s&#8217;assurer que les deux parties sont au courant de l&#8217;\u00e9tat de chaque article pour chaque commande.<\/li>\n<li>Delancey Oilfield assure au personnel la base de connaissances du mat\u00e9riel qui permet de r\u00e9duire les \u00e9carts de catalogage et r\u00e9duit le d\u00e9lai d&#8217;ex\u00e9cution logistique.<\/li>\n<li>Delancey Oilfield s&#8217;engage \u00e0 consacrer du personnel et des ressources \u00e0 plein temps \u00e0 chacune des solutions d&#8217;inventaire afin de garantir la satisfaction de ses clients.<\/li>\n<\/ul>\n<p>Pour rendre votre cha\u00eene d\u2019approvisionnement plus efficace et plus \u00e9conomique, contactez Delancey Oilfield Supplies pour discuter de vos besoins logistiques en appelant ou en nous envoyant un e-mail \u00e0 <a href=\"mailto:info@delanceyoilfield.com\">info@delanceyoilfield.com<\/a>.<\/p>\n<\/div><div class=\"fusion-clearfix\"><\/div><\/div><\/div><\/div><\/div>\n","protected":false},"excerpt":{"rendered":"","protected":false},"author":3,"featured_media":0,"parent":0,"menu_order":0,"comment_status":"closed","ping_status":"closed","template":"","meta":{"footnotes":"","_links_to":"","_links_to_target":""},"yoast_head":"<!-- This site is optimized with the Yoast SEO plugin v22.6 - https:\/\/yoast.com\/wordpress\/plugins\/seo\/ -->\n<title>Inventory Management Services (IMS) - Delancey Oilfield Supplies<\/title>\n<meta name=\"robots\" content=\"index, follow, max-snippet:-1, max-image-preview:large, max-video-preview:-1\" \/>\n<link rel=\"canonical\" href=\"https:\/\/www.delanceyoilfieldsupplies.com\/fr\/inventory-management-services-ims\/\" \/>\n<meta property=\"og:locale\" content=\"en_US\" \/>\n<meta property=\"og:type\" content=\"article\" \/>\n<meta property=\"og:title\" content=\"Inventory Management Services (IMS) - Delancey Oilfield Supplies\" \/>\n<meta property=\"og:url\" content=\"https:\/\/www.delanceyoilfieldsupplies.com\/fr\/inventory-management-services-ims\/\" \/>\n<meta property=\"og:site_name\" content=\"Delancey Oilfield Supplies\" \/>\n<meta property=\"article:modified_time\" content=\"2018-12-07T11:05:32+00:00\" \/>\n<meta name=\"twitter:label1\" content=\"Est. reading time\" \/>\n\t<meta name=\"twitter:data1\" content=\"4 minutes\" \/>\n<script type=\"application\/ld+json\" class=\"yoast-schema-graph\">{\"@context\":\"https:\/\/schema.org\",\"@graph\":[{\"@type\":\"WebPage\",\"@id\":\"https:\/\/www.delanceyoilfieldsupplies.com\/fr\/inventory-management-services-ims\/\",\"url\":\"https:\/\/www.delanceyoilfieldsupplies.com\/fr\/inventory-management-services-ims\/\",\"name\":\"Inventory Management Services (IMS) - Delancey Oilfield Supplies\",\"isPartOf\":{\"@id\":\"https:\/\/www.delanceyoilfieldsupplies.com\/fr\/#website\"},\"datePublished\":\"2017-11-21T09:29:19+00:00\",\"dateModified\":\"2018-12-07T11:05:32+00:00\",\"breadcrumb\":{\"@id\":\"https:\/\/www.delanceyoilfieldsupplies.com\/fr\/inventory-management-services-ims\/#breadcrumb\"},\"inLanguage\":\"en-US\",\"potentialAction\":[{\"@type\":\"ReadAction\",\"target\":[\"https:\/\/www.delanceyoilfieldsupplies.com\/fr\/inventory-management-services-ims\/\"]}]},{\"@type\":\"BreadcrumbList\",\"@id\":\"https:\/\/www.delanceyoilfieldsupplies.com\/fr\/inventory-management-services-ims\/#breadcrumb\",\"itemListElement\":[{\"@type\":\"ListItem\",\"position\":1,\"name\":\"Home\",\"item\":\"https:\/\/www.delanceyoilfieldsupplies.com\/fr\/\"},{\"@type\":\"ListItem\",\"position\":2,\"name\":\"Inventory Management Services (IMS)\"}]},{\"@type\":\"WebSite\",\"@id\":\"https:\/\/www.delanceyoilfieldsupplies.com\/fr\/#website\",\"url\":\"https:\/\/www.delanceyoilfieldsupplies.com\/fr\/\",\"name\":\"Delancey Oilfield Supplies\",\"description\":\"Global provider of drilling tools, electrical equipment, valves, pumps and workwear\/PPE supplies to Oil, Gas, Petrochemical and Mining industries\",\"potentialAction\":[{\"@type\":\"SearchAction\",\"target\":{\"@type\":\"EntryPoint\",\"urlTemplate\":\"https:\/\/www.delanceyoilfieldsupplies.com\/fr\/?s={search_term_string}\"},\"query-input\":\"required name=search_term_string\"}],\"inLanguage\":\"en-US\"}]}<\/script>\n<!-- \/ Yoast SEO plugin. -->","yoast_head_json":{"title":"Inventory Management Services (IMS) - Delancey Oilfield Supplies","robots":{"index":"index","follow":"follow","max-snippet":"max-snippet:-1","max-image-preview":"max-image-preview:large","max-video-preview":"max-video-preview:-1"},"canonical":"https:\/\/www.delanceyoilfieldsupplies.com\/fr\/inventory-management-services-ims\/","og_locale":"en_US","og_type":"article","og_title":"Inventory Management Services (IMS) - Delancey Oilfield Supplies","og_url":"https:\/\/www.delanceyoilfieldsupplies.com\/fr\/inventory-management-services-ims\/","og_site_name":"Delancey Oilfield Supplies","article_modified_time":"2018-12-07T11:05:32+00:00","twitter_misc":{"Est. reading time":"4 minutes"},"schema":{"@context":"https:\/\/schema.org","@graph":[{"@type":"WebPage","@id":"https:\/\/www.delanceyoilfieldsupplies.com\/fr\/inventory-management-services-ims\/","url":"https:\/\/www.delanceyoilfieldsupplies.com\/fr\/inventory-management-services-ims\/","name":"Inventory Management Services (IMS) - Delancey Oilfield Supplies","isPartOf":{"@id":"https:\/\/www.delanceyoilfieldsupplies.com\/fr\/#website"},"datePublished":"2017-11-21T09:29:19+00:00","dateModified":"2018-12-07T11:05:32+00:00","breadcrumb":{"@id":"https:\/\/www.delanceyoilfieldsupplies.com\/fr\/inventory-management-services-ims\/#breadcrumb"},"inLanguage":"en-US","potentialAction":[{"@type":"ReadAction","target":["https:\/\/www.delanceyoilfieldsupplies.com\/fr\/inventory-management-services-ims\/"]}]},{"@type":"BreadcrumbList","@id":"https:\/\/www.delanceyoilfieldsupplies.com\/fr\/inventory-management-services-ims\/#breadcrumb","itemListElement":[{"@type":"ListItem","position":1,"name":"Home","item":"https:\/\/www.delanceyoilfieldsupplies.com\/fr\/"},{"@type":"ListItem","position":2,"name":"Inventory Management Services (IMS)"}]},{"@type":"WebSite","@id":"https:\/\/www.delanceyoilfieldsupplies.com\/fr\/#website","url":"https:\/\/www.delanceyoilfieldsupplies.com\/fr\/","name":"Delancey Oilfield Supplies","description":"Global provider of drilling tools, electrical equipment, valves, pumps and workwear\/PPE supplies to Oil, Gas, Petrochemical and Mining industries","potentialAction":[{"@type":"SearchAction","target":{"@type":"EntryPoint","urlTemplate":"https:\/\/www.delanceyoilfieldsupplies.com\/fr\/?s={search_term_string}"},"query-input":"required name=search_term_string"}],"inLanguage":"en-US"}]}},"_links":{"self":[{"href":"https:\/\/www.delanceyoilfieldsupplies.com\/fr\/wp-json\/wp\/v2\/pages\/2366"}],"collection":[{"href":"https:\/\/www.delanceyoilfieldsupplies.com\/fr\/wp-json\/wp\/v2\/pages"}],"about":[{"href":"https:\/\/www.delanceyoilfieldsupplies.com\/fr\/wp-json\/wp\/v2\/types\/page"}],"author":[{"embeddable":true,"href":"https:\/\/www.delanceyoilfieldsupplies.com\/fr\/wp-json\/wp\/v2\/users\/3"}],"replies":[{"embeddable":true,"href":"https:\/\/www.delanceyoilfieldsupplies.com\/fr\/wp-json\/wp\/v2\/comments?post=2366"}],"version-history":[{"count":1,"href":"https:\/\/www.delanceyoilfieldsupplies.com\/fr\/wp-json\/wp\/v2\/pages\/2366\/revisions"}],"predecessor-version":[{"id":2437,"href":"https:\/\/www.delanceyoilfieldsupplies.com\/fr\/wp-json\/wp\/v2\/pages\/2366\/revisions\/2437"}],"wp:attachment":[{"href":"https:\/\/www.delanceyoilfieldsupplies.com\/fr\/wp-json\/wp\/v2\/media?parent=2366"}],"curies":[{"name":"wp","href":"https:\/\/api.w.org\/{rel}","templated":true}]}}