{"id":2363,"date":"2017-11-21T09:27:39","date_gmt":"2017-11-21T09:27:39","guid":{"rendered":"http:\/\/www.delanceyoilfieldsupplies.com\/fr\/?page_id=2363"},"modified":"2018-12-07T11:06:38","modified_gmt":"2018-12-07T11:06:38","slug":"mission","status":"publish","type":"page","link":"https:\/\/www.delanceyoilfieldsupplies.com\/fr\/mission\/","title":{"rendered":"Mission"},"content":{"rendered":"<p><div class=\"fusion-fullwidth fullwidth-box fusion-builder-row-1 nonhundred-percent-fullwidth non-hundred-percent-height-scrolling\" style=\"--awb-border-radius-top-left:0px;--awb-border-radius-top-right:0px;--awb-border-radius-bottom-right:0px;--awb-border-radius-bottom-left:0px;--awb-flex-wrap:wrap;\" ><div class=\"fusion-builder-row fusion-row\"><div class=\"fusion-layout-column fusion_builder_column fusion-builder-column-0 fusion_builder_column_1_1 1_1 fusion-one-full fusion-column-first fusion-column-last\" style=\"--awb-bg-size:cover;\"><div class=\"fusion-column-wrapper fusion-flex-column-wrapper-legacy\"><div class=\"fusion-text fusion-text-1\"><h3>Mission<\/h3>\n<p>Am\u00e9liorer continuellement la r\u00e9putation de notre entreprise en mati\u00e8re d&#8217;excellence en introduisant des solutions \u00e0 tous les probl\u00e8mes complexes d&#8217;approvisionnement et de cha\u00eene d&#8217;approvisionnement et en fournissant un service avant et apr\u00e8s vente incomparable.<\/p>\n<\/div><div class=\"fusion-clearfix\"><\/div><\/div><\/div><\/div><\/div><div class=\"fusion-fullwidth fullwidth-box fusion-builder-row-2 nonhundred-percent-fullwidth non-hundred-percent-height-scrolling fusion-equal-height-columns\" style=\"--awb-border-radius-top-left:0px;--awb-border-radius-top-right:0px;--awb-border-radius-bottom-right:0px;--awb-border-radius-bottom-left:0px;--awb-flex-wrap:wrap;\" ><div class=\"fusion-builder-row fusion-row\"><div class=\"fusion-layout-column fusion_builder_column fusion-builder-column-1 fusion_builder_column_1_2 1_2 fusion-one-half fusion-column-first\" style=\"--awb-padding-top:10px;--awb-padding-right:20px;--awb-padding-bottom:0px;--awb-padding-left:20px;--awb-bg-color:#f2f2f2;--awb-bg-color-hover:#f2f2f2;--awb-bg-size:cover;width:50%;width:calc(50% - ( ( 4% ) * 0.5 ) );margin-right: 4%;\"><div class=\"fusion-column-wrapper fusion-flex-column-wrapper-legacy\"><div class=\"fusion-text fusion-text-2\"><h2>Vision<\/h2>\n<p>Devenir le leader en mati\u00e8re de conseil en sour\u00e7age, fourniture et approvisionnement des industries du p\u00e9trole, du gaz, de la p\u00e9trochimie et des mines, et aider nos clients \u00e0 r\u00e9duire leurs co\u00fbts.<\/p>\n<\/div><div class=\"fusion-clearfix\"><\/div><\/div><\/div><div class=\"fusion-layout-column fusion_builder_column fusion-builder-column-2 fusion_builder_column_1_2 1_2 fusion-one-half fusion-column-last\" style=\"--awb-padding-top:10px;--awb-padding-right:20px;--awb-padding-bottom:0px;--awb-padding-left:20px;--awb-bg-color:#f2f2f2;--awb-bg-color-hover:#f2f2f2;--awb-bg-size:cover;width:50%;width:calc(50% - ( ( 4% ) * 0.5 ) );\"><div class=\"fusion-column-wrapper fusion-flex-column-wrapper-legacy\"><div class=\"fusion-text fusion-text-3\"><h2>Valeurs<\/h2>\n<p>Tout en poursuivant notre mission, nous-nous efforcerons d&#8217;agir avec Authenticit\u00e9, Int\u00e9grit\u00e9, Transparence, Courtoisie, Professionnalisme et Coh\u00e9rence.<\/p>\n<\/div><div class=\"fusion-clearfix\"><\/div><\/div><\/div><\/div><\/div><\/p>\n","protected":false},"excerpt":{"rendered":"","protected":false},"author":3,"featured_media":0,"parent":0,"menu_order":0,"comment_status":"closed","ping_status":"closed","template":"","meta":{"footnotes":"","_links_to":"","_links_to_target":""},"yoast_head":"<!-- This site is optimized with the Yoast SEO plugin v22.6 - https:\/\/yoast.com\/wordpress\/plugins\/seo\/ -->\n<title>Mission - Delancey Oilfield Supplies<\/title>\n<meta name=\"robots\" content=\"index, follow, max-snippet:-1, max-image-preview:large, max-video-preview:-1\" \/>\n<link rel=\"canonical\" href=\"https:\/\/www.delanceyoilfieldsupplies.com\/fr\/mission\/\" \/>\n<meta property=\"og:locale\" content=\"en_US\" \/>\n<meta property=\"og:type\" content=\"article\" \/>\n<meta property=\"og:title\" content=\"Mission - Delancey Oilfield Supplies\" \/>\n<meta property=\"og:url\" content=\"https:\/\/www.delanceyoilfieldsupplies.com\/fr\/mission\/\" \/>\n<meta property=\"og:site_name\" content=\"Delancey Oilfield Supplies\" \/>\n<meta property=\"article:modified_time\" content=\"2018-12-07T11:06:38+00:00\" \/>\n<meta name=\"twitter:label1\" content=\"Est. reading time\" \/>\n\t<meta name=\"twitter:data1\" content=\"3 minutes\" \/>\n<script type=\"application\/ld+json\" class=\"yoast-schema-graph\">{\"@context\":\"https:\/\/schema.org\",\"@graph\":[{\"@type\":\"WebPage\",\"@id\":\"https:\/\/www.delanceyoilfieldsupplies.com\/fr\/mission\/\",\"url\":\"https:\/\/www.delanceyoilfieldsupplies.com\/fr\/mission\/\",\"name\":\"Mission - Delancey Oilfield Supplies\",\"isPartOf\":{\"@id\":\"https:\/\/www.delanceyoilfieldsupplies.com\/fr\/#website\"},\"datePublished\":\"2017-11-21T09:27:39+00:00\",\"dateModified\":\"2018-12-07T11:06:38+00:00\",\"breadcrumb\":{\"@id\":\"https:\/\/www.delanceyoilfieldsupplies.com\/fr\/mission\/#breadcrumb\"},\"inLanguage\":\"en-US\",\"potentialAction\":[{\"@type\":\"ReadAction\",\"target\":[\"https:\/\/www.delanceyoilfieldsupplies.com\/fr\/mission\/\"]}]},{\"@type\":\"BreadcrumbList\",\"@id\":\"https:\/\/www.delanceyoilfieldsupplies.com\/fr\/mission\/#breadcrumb\",\"itemListElement\":[{\"@type\":\"ListItem\",\"position\":1,\"name\":\"Home\",\"item\":\"https:\/\/www.delanceyoilfieldsupplies.com\/fr\/\"},{\"@type\":\"ListItem\",\"position\":2,\"name\":\"Mission\"}]},{\"@type\":\"WebSite\",\"@id\":\"https:\/\/www.delanceyoilfieldsupplies.com\/fr\/#website\",\"url\":\"https:\/\/www.delanceyoilfieldsupplies.com\/fr\/\",\"name\":\"Delancey Oilfield Supplies\",\"description\":\"Global provider of drilling tools, electrical equipment, valves, pumps and workwear\/PPE supplies to Oil, Gas, Petrochemical and Mining industries\",\"potentialAction\":[{\"@type\":\"SearchAction\",\"target\":{\"@type\":\"EntryPoint\",\"urlTemplate\":\"https:\/\/www.delanceyoilfieldsupplies.com\/fr\/?s={search_term_string}\"},\"query-input\":\"required name=search_term_string\"}],\"inLanguage\":\"en-US\"}]}<\/script>\n<!-- \/ Yoast SEO plugin. -->","yoast_head_json":{"title":"Mission - Delancey Oilfield Supplies","robots":{"index":"index","follow":"follow","max-snippet":"max-snippet:-1","max-image-preview":"max-image-preview:large","max-video-preview":"max-video-preview:-1"},"canonical":"https:\/\/www.delanceyoilfieldsupplies.com\/fr\/mission\/","og_locale":"en_US","og_type":"article","og_title":"Mission - Delancey Oilfield Supplies","og_url":"https:\/\/www.delanceyoilfieldsupplies.com\/fr\/mission\/","og_site_name":"Delancey Oilfield Supplies","article_modified_time":"2018-12-07T11:06:38+00:00","twitter_misc":{"Est. reading time":"3 minutes"},"schema":{"@context":"https:\/\/schema.org","@graph":[{"@type":"WebPage","@id":"https:\/\/www.delanceyoilfieldsupplies.com\/fr\/mission\/","url":"https:\/\/www.delanceyoilfieldsupplies.com\/fr\/mission\/","name":"Mission - Delancey Oilfield Supplies","isPartOf":{"@id":"https:\/\/www.delanceyoilfieldsupplies.com\/fr\/#website"},"datePublished":"2017-11-21T09:27:39+00:00","dateModified":"2018-12-07T11:06:38+00:00","breadcrumb":{"@id":"https:\/\/www.delanceyoilfieldsupplies.com\/fr\/mission\/#breadcrumb"},"inLanguage":"en-US","potentialAction":[{"@type":"ReadAction","target":["https:\/\/www.delanceyoilfieldsupplies.com\/fr\/mission\/"]}]},{"@type":"BreadcrumbList","@id":"https:\/\/www.delanceyoilfieldsupplies.com\/fr\/mission\/#breadcrumb","itemListElement":[{"@type":"ListItem","position":1,"name":"Home","item":"https:\/\/www.delanceyoilfieldsupplies.com\/fr\/"},{"@type":"ListItem","position":2,"name":"Mission"}]},{"@type":"WebSite","@id":"https:\/\/www.delanceyoilfieldsupplies.com\/fr\/#website","url":"https:\/\/www.delanceyoilfieldsupplies.com\/fr\/","name":"Delancey Oilfield Supplies","description":"Global provider of drilling tools, electrical equipment, valves, pumps and workwear\/PPE supplies to Oil, Gas, Petrochemical and Mining industries","potentialAction":[{"@type":"SearchAction","target":{"@type":"EntryPoint","urlTemplate":"https:\/\/www.delanceyoilfieldsupplies.com\/fr\/?s={search_term_string}"},"query-input":"required name=search_term_string"}],"inLanguage":"en-US"}]}},"_links":{"self":[{"href":"https:\/\/www.delanceyoilfieldsupplies.com\/fr\/wp-json\/wp\/v2\/pages\/2363"}],"collection":[{"href":"https:\/\/www.delanceyoilfieldsupplies.com\/fr\/wp-json\/wp\/v2\/pages"}],"about":[{"href":"https:\/\/www.delanceyoilfieldsupplies.com\/fr\/wp-json\/wp\/v2\/types\/page"}],"author":[{"embeddable":true,"href":"https:\/\/www.delanceyoilfieldsupplies.com\/fr\/wp-json\/wp\/v2\/users\/3"}],"replies":[{"embeddable":true,"href":"https:\/\/www.delanceyoilfieldsupplies.com\/fr\/wp-json\/wp\/v2\/comments?post=2363"}],"version-history":[{"count":1,"href":"https:\/\/www.delanceyoilfieldsupplies.com\/fr\/wp-json\/wp\/v2\/pages\/2363\/revisions"}],"predecessor-version":[{"id":2432,"href":"https:\/\/www.delanceyoilfieldsupplies.com\/fr\/wp-json\/wp\/v2\/pages\/2363\/revisions\/2432"}],"wp:attachment":[{"href":"https:\/\/www.delanceyoilfieldsupplies.com\/fr\/wp-json\/wp\/v2\/media?parent=2363"}],"curies":[{"name":"wp","href":"https:\/\/api.w.org\/{rel}","templated":true}]}}